{"id":38,"date":"2022-08-29T09:38:00","date_gmt":"2022-08-29T11:38:00","guid":{"rendered":"http:\/\/212.236.20.45\/?page_id=38"},"modified":"2023-10-16T19:04:59","modified_gmt":"2023-10-16T17:04:59","slug":"thema","status":"publish","type":"page","link":"http:\/\/www.deroesterreichischefriseur.at\/?page_id=38","title":{"rendered":"Thema"},"content":{"rendered":"\t\t<div data-elementor-type=\"wp-page\" data-elementor-id=\"38\" class=\"elementor elementor-38\" data-elementor-post-type=\"page\">\n\t\t\t\t<div class=\"elementor-element elementor-element-9b8b19c e-flex e-con-boxed e-con e-parent\" data-id=\"9b8b19c\" data-element_type=\"container\" data-e-type=\"container\">\n\t\t\t\t\t<div class=\"e-con-inner\">\n\t\t\t\t<div class=\"elementor-element elementor-element-8b7b0b2 elementor-grid-3 elementor-grid-tablet-2 elementor-grid-mobile-1 elementor-posts--thumbnail-top elementor-posts--show-avatar elementor-card-shadow-yes elementor-posts__hover-gradient elementor-widget elementor-widget-posts\" data-id=\"8b7b0b2\" data-element_type=\"widget\" data-e-type=\"widget\" data-settings=\"{&quot;cards_columns&quot;:&quot;3&quot;,&quot;cards_columns_tablet&quot;:&quot;2&quot;,&quot;cards_columns_mobile&quot;:&quot;1&quot;,&quot;cards_row_gap&quot;:{&quot;unit&quot;:&quot;px&quot;,&quot;size&quot;:35,&quot;sizes&quot;:[]},&quot;cards_row_gap_tablet&quot;:{&quot;unit&quot;:&quot;px&quot;,&quot;size&quot;:&quot;&quot;,&quot;sizes&quot;:[]},&quot;cards_row_gap_mobile&quot;:{&quot;unit&quot;:&quot;px&quot;,&quot;size&quot;:&quot;&quot;,&quot;sizes&quot;:[]}}\" data-widget_type=\"posts.cards\">\n\t\t\t\t<div class=\"elementor-widget-container\">\n\t\t\t\t\t\t\t<div class=\"elementor-posts-container elementor-posts elementor-posts--skin-cards elementor-grid\" role=\"list\">\n\t\t\t\t<article class=\"elementor-post elementor-grid-item post-1729 post type-post status-publish format-standard has-post-thumbnail hentry category-thema\" role=\"listitem\">\n\t\t\t<div class=\"elementor-post__card\">\n\t\t\t\t<a class=\"elementor-post__thumbnail__link\" href=\"http:\/\/www.deroesterreichischefriseur.at\/?p=1729\" tabindex=\"-1\" ><div class=\"elementor-post__thumbnail\"><img fetchpriority=\"high\" decoding=\"async\" width=\"200\" height=\"300\" src=\"http:\/\/www.deroesterreichischefriseur.at\/wp-content\/uploads\/2023\/05\/Markus_Eisinger_web-200x300.jpg\" class=\"attachment-medium size-medium wp-image-624\" alt=\"\" srcset=\"http:\/\/www.deroesterreichischefriseur.at\/wp-content\/uploads\/2023\/05\/Markus_Eisinger_web-200x300.jpg 200w, http:\/\/www.deroesterreichischefriseur.at\/wp-content\/uploads\/2023\/05\/Markus_Eisinger_web.jpg 640w\" sizes=\"(max-width: 200px) 100vw, 200px\" \/><\/div><\/a>\n\t\t\t\t<div class=\"elementor-post__badge\">Thema<\/div>\n\t\t\t\t<div class=\"elementor-post__avatar\">\n\t\t\t<img alt='gregor' src='https:\/\/secure.gravatar.com\/avatar\/239015d857828ad8713e3f7728fae6e4dc135518e9033dc82ee875558b57f417?s=128&#038;d=mm&#038;r=g' srcset='https:\/\/secure.gravatar.com\/avatar\/239015d857828ad8713e3f7728fae6e4dc135518e9033dc82ee875558b57f417?s=256&#038;d=mm&#038;r=g 2x' class='avatar avatar-128 photo' height='128' width='128' \/>\t\t<\/div>\n\t\t\t\t<div class=\"elementor-post__text\">\n\t\t\t\t<h3 class=\"elementor-post__title\">\n\t\t\t<a href=\"http:\/\/www.deroesterreichischefriseur.at\/?p=1729\" >\n\t\t\t\tLandesinnungsmeister Marcus Eisinger informiert\t\t\t<\/a>\n\t\t<\/h3>\n\t\t\t\t<div class=\"elementor-post__excerpt\">\n\t\t\t<p>Werte Branchen Kolleginnen und Kollegen, Friseure: Mehr als nur Stylisten Wenn wir an einen Friseurbesuch denken, kommen uns oft Bilder von Sch\u00f6nheit, Stil und einem Gef\u00fchl der Verw\u00f6hnung in den Sinn. Doch hinter den schicken Frisuren verbirgt sich eine Dimension<\/p>\n\t\t<\/div>\n\t\t\n\t\t<a class=\"elementor-post__read-more\" href=\"http:\/\/www.deroesterreichischefriseur.at\/?p=1729\" aria-label=\"Read more about Landesinnungsmeister Marcus Eisinger informiert\" tabindex=\"-1\" >\n\t\t\tRead More \u00bb\t\t<\/a>\n\n\t\t\t\t<\/div>\n\t\t\t\t<div class=\"elementor-post__meta-data\">\n\t\t\t\t\t<span class=\"elementor-post-date\">\n\t\t\t12. Mai 2024\t\t<\/span>\n\t\t\t\t<\/div>\n\t\t\t\t\t<\/div>\n\t\t<\/article>\n\t\t\t\t<article class=\"elementor-post elementor-grid-item post-1721 post type-post status-publish format-standard has-post-thumbnail hentry category-thema\" role=\"listitem\">\n\t\t\t<div class=\"elementor-post__card\">\n\t\t\t\t<a class=\"elementor-post__thumbnail__link\" href=\"http:\/\/www.deroesterreichischefriseur.at\/?p=1721\" tabindex=\"-1\" ><div class=\"elementor-post__thumbnail\"><img decoding=\"async\" width=\"300\" height=\"96\" src=\"http:\/\/www.deroesterreichischefriseur.at\/wp-content\/uploads\/2024\/05\/Hirt-300x96.png\" class=\"attachment-medium size-medium wp-image-1723\" alt=\"\" srcset=\"http:\/\/www.deroesterreichischefriseur.at\/wp-content\/uploads\/2024\/05\/Hirt-300x96.png 300w, http:\/\/www.deroesterreichischefriseur.at\/wp-content\/uploads\/2024\/05\/Hirt-1024x327.png 1024w, http:\/\/www.deroesterreichischefriseur.at\/wp-content\/uploads\/2024\/05\/Hirt-768x245.png 768w, http:\/\/www.deroesterreichischefriseur.at\/wp-content\/uploads\/2024\/05\/Hirt.png 1417w\" sizes=\"(max-width: 300px) 100vw, 300px\" \/><\/div><\/a>\n\t\t\t\t<div class=\"elementor-post__badge\">Thema<\/div>\n\t\t\t\t<div class=\"elementor-post__avatar\">\n\t\t\t<img alt='gregor' src='https:\/\/secure.gravatar.com\/avatar\/239015d857828ad8713e3f7728fae6e4dc135518e9033dc82ee875558b57f417?s=128&#038;d=mm&#038;r=g' srcset='https:\/\/secure.gravatar.com\/avatar\/239015d857828ad8713e3f7728fae6e4dc135518e9033dc82ee875558b57f417?s=256&#038;d=mm&#038;r=g 2x' class='avatar avatar-128 photo' height='128' width='128' \/>\t\t<\/div>\n\t\t\t\t<div class=\"elementor-post__text\">\n\t\t\t\t<h3 class=\"elementor-post__title\">\n\t\t\t<a href=\"http:\/\/www.deroesterreichischefriseur.at\/?p=1721\" >\n\t\t\t\tWalter Hirth &#8211; UNFERTIG-2.4 der M\u00e4nnertrend\t\t\t<\/a>\n\t\t<\/h3>\n\t\t\t\t<div class=\"elementor-post__excerpt\">\n\t\t\t<p>Fr\u00fcher waren diese Frisuren f\u00fcr viele M\u00e4nner unvorstellbar, manche haben den Kopf gesch\u00fcttelt, wenn einzelne M\u00e4nner diese Haartracht getragen haben. Heute wollen wir sie alle! Unter den Namen BOWL CUT, BUZZ CUT, FRENCH CORP, VOKUHILA, SHORT CUT, SHORT CUT, OLD<\/p>\n\t\t<\/div>\n\t\t\n\t\t<a class=\"elementor-post__read-more\" href=\"http:\/\/www.deroesterreichischefriseur.at\/?p=1721\" aria-label=\"Read more about Walter Hirth &#8211; UNFERTIG-2.4 der M\u00e4nnertrend\" tabindex=\"-1\" >\n\t\t\tRead More \u00bb\t\t<\/a>\n\n\t\t\t\t<\/div>\n\t\t\t\t<div class=\"elementor-post__meta-data\">\n\t\t\t\t\t<span class=\"elementor-post-date\">\n\t\t\t2. Mai 2024\t\t<\/span>\n\t\t\t\t<\/div>\n\t\t\t\t\t<\/div>\n\t\t<\/article>\n\t\t\t\t<article class=\"elementor-post elementor-grid-item post-1520 post type-post status-publish format-standard has-post-thumbnail hentry category-thema category-uncategorized\" role=\"listitem\">\n\t\t\t<div class=\"elementor-post__card\">\n\t\t\t\t<a class=\"elementor-post__thumbnail__link\" href=\"http:\/\/www.deroesterreichischefriseur.at\/?p=1520\" tabindex=\"-1\" ><div class=\"elementor-post__thumbnail\"><img decoding=\"async\" width=\"300\" height=\"200\" src=\"http:\/\/www.deroesterreichischefriseur.at\/wp-content\/uploads\/2024\/02\/Gabi-Stern-sammelt-fuer-den-SFB-Fonds-300x200.jpg\" class=\"attachment-medium size-medium wp-image-1522\" alt=\"\" srcset=\"http:\/\/www.deroesterreichischefriseur.at\/wp-content\/uploads\/2024\/02\/Gabi-Stern-sammelt-fuer-den-SFB-Fonds-300x200.jpg 300w, http:\/\/www.deroesterreichischefriseur.at\/wp-content\/uploads\/2024\/02\/Gabi-Stern-sammelt-fuer-den-SFB-Fonds-1024x683.jpg 1024w, http:\/\/www.deroesterreichischefriseur.at\/wp-content\/uploads\/2024\/02\/Gabi-Stern-sammelt-fuer-den-SFB-Fonds-768x512.jpg 768w, http:\/\/www.deroesterreichischefriseur.at\/wp-content\/uploads\/2024\/02\/Gabi-Stern-sammelt-fuer-den-SFB-Fonds-1536x1024.jpg 1536w, http:\/\/www.deroesterreichischefriseur.at\/wp-content\/uploads\/2024\/02\/Gabi-Stern-sammelt-fuer-den-SFB-Fonds-2048x1365.jpg 2048w, http:\/\/www.deroesterreichischefriseur.at\/wp-content\/uploads\/2024\/02\/Gabi-Stern-sammelt-fuer-den-SFB-Fonds-150x100.jpg 150w\" sizes=\"(max-width: 300px) 100vw, 300px\" \/><\/div><\/a>\n\t\t\t\t<div class=\"elementor-post__badge\">Thema<\/div>\n\t\t\t\t<div class=\"elementor-post__avatar\">\n\t\t\t<img alt='gregor' src='https:\/\/secure.gravatar.com\/avatar\/239015d857828ad8713e3f7728fae6e4dc135518e9033dc82ee875558b57f417?s=128&#038;d=mm&#038;r=g' srcset='https:\/\/secure.gravatar.com\/avatar\/239015d857828ad8713e3f7728fae6e4dc135518e9033dc82ee875558b57f417?s=256&#038;d=mm&#038;r=g 2x' class='avatar avatar-128 photo' height='128' width='128' \/>\t\t<\/div>\n\t\t\t\t<div class=\"elementor-post__text\">\n\t\t\t\t<h3 class=\"elementor-post__title\">\n\t\t\t<a href=\"http:\/\/www.deroesterreichischefriseur.at\/?p=1520\" >\n\t\t\t\tSoci\u00e9t\u00e9 Fran\u00e7aise de Biosth\u00e9tique &#8211; Ohne Flei\u00df kein Preis: Die Teamleiter der SFB trafen sich in Pforzheim\t\t\t<\/a>\n\t\t<\/h3>\n\t\t\t\t<div class=\"elementor-post__excerpt\">\n\t\t\t<p>Gemeinsam die Zukunft der Friseurbranche gestalten \u2013 so lautet seit jeher das Motto der Soci\u00e9t\u00e9 Fran\u00e7aise de Biosth\u00e9tique (SFB). Als\u00a0gr\u00f6\u00dfte private Friseur- und Kosmetik-Community im deutschsprachigen Raum organisiert sich die SFB im Wesentlichen in drei Gruppen: Neben den Young Professionals<\/p>\n\t\t<\/div>\n\t\t\n\t\t<a class=\"elementor-post__read-more\" href=\"http:\/\/www.deroesterreichischefriseur.at\/?p=1520\" aria-label=\"Read more about Soci\u00e9t\u00e9 Fran\u00e7aise de Biosth\u00e9tique &#8211; Ohne Flei\u00df kein Preis: Die Teamleiter der SFB trafen sich in Pforzheim\" tabindex=\"-1\" >\n\t\t\tRead More \u00bb\t\t<\/a>\n\n\t\t\t\t<\/div>\n\t\t\t\t<div class=\"elementor-post__meta-data\">\n\t\t\t\t\t<span class=\"elementor-post-date\">\n\t\t\t10. M\u00e4rz 2024\t\t<\/span>\n\t\t\t\t<\/div>\n\t\t\t\t\t<\/div>\n\t\t<\/article>\n\t\t\t\t<article class=\"elementor-post elementor-grid-item post-1004 post type-post status-publish format-standard has-post-thumbnail hentry category-thema category-uncategorized\" role=\"listitem\">\n\t\t\t<div class=\"elementor-post__card\">\n\t\t\t\t<a class=\"elementor-post__thumbnail__link\" href=\"http:\/\/www.deroesterreichischefriseur.at\/?p=1004\" tabindex=\"-1\" ><div class=\"elementor-post__thumbnail\"><img fetchpriority=\"high\" decoding=\"async\" width=\"200\" height=\"300\" src=\"http:\/\/www.deroesterreichischefriseur.at\/wp-content\/uploads\/2023\/05\/Markus_Eisinger_web-200x300.jpg\" class=\"attachment-medium size-medium wp-image-624\" alt=\"\" srcset=\"http:\/\/www.deroesterreichischefriseur.at\/wp-content\/uploads\/2023\/05\/Markus_Eisinger_web-200x300.jpg 200w, http:\/\/www.deroesterreichischefriseur.at\/wp-content\/uploads\/2023\/05\/Markus_Eisinger_web.jpg 640w\" sizes=\"(max-width: 200px) 100vw, 200px\" \/><\/div><\/a>\n\t\t\t\t<div class=\"elementor-post__badge\">Thema<\/div>\n\t\t\t\t<div class=\"elementor-post__avatar\">\n\t\t\t<img alt='gregor' src='https:\/\/secure.gravatar.com\/avatar\/239015d857828ad8713e3f7728fae6e4dc135518e9033dc82ee875558b57f417?s=128&#038;d=mm&#038;r=g' srcset='https:\/\/secure.gravatar.com\/avatar\/239015d857828ad8713e3f7728fae6e4dc135518e9033dc82ee875558b57f417?s=256&#038;d=mm&#038;r=g 2x' class='avatar avatar-128 photo' height='128' width='128' \/>\t\t<\/div>\n\t\t\t\t<div class=\"elementor-post__text\">\n\t\t\t\t<h3 class=\"elementor-post__title\">\n\t\t\t<a href=\"http:\/\/www.deroesterreichischefriseur.at\/?p=1004\" >\n\t\t\t\tDie Zukunft der Friseurbranche: Lehrlingsausbildung im Wandel\u201d\t\t\t<\/a>\n\t\t<\/h3>\n\t\t\t\t<div class=\"elementor-post__excerpt\">\n\t\t\t<p>Liebe Leserinnen und Leser, Die Friseurbranche hat sich im Laufe der Jahre stetig weiterentwickelt und ver\u00e4ndert, aber es gibt eine Konstante, die immer bestehen bleibt: die Notwendigkeit einer soliden Lehrlingsausbildung. Lehrlinge sind das Herzst\u00fcck unserer Branche, denn sie sind die<\/p>\n\t\t<\/div>\n\t\t\n\t\t<a class=\"elementor-post__read-more\" href=\"http:\/\/www.deroesterreichischefriseur.at\/?p=1004\" aria-label=\"Read more about Die Zukunft der Friseurbranche: Lehrlingsausbildung im Wandel\u201d\" tabindex=\"-1\" >\n\t\t\tRead More \u00bb\t\t<\/a>\n\n\t\t\t\t<\/div>\n\t\t\t\t<div class=\"elementor-post__meta-data\">\n\t\t\t\t\t<span class=\"elementor-post-date\">\n\t\t\t18. Oktober 2023\t\t<\/span>\n\t\t\t\t<\/div>\n\t\t\t\t\t<\/div>\n\t\t<\/article>\n\t\t\t\t<article class=\"elementor-post elementor-grid-item post-995 post type-post status-publish format-standard has-post-thumbnail hentry category-thema category-uncategorized\" role=\"listitem\">\n\t\t\t<div class=\"elementor-post__card\">\n\t\t\t\t<a class=\"elementor-post__thumbnail__link\" href=\"http:\/\/www.deroesterreichischefriseur.at\/?p=995\" tabindex=\"-1\" ><div class=\"elementor-post__thumbnail\"><img loading=\"lazy\" decoding=\"async\" width=\"300\" height=\"193\" src=\"http:\/\/www.deroesterreichischefriseur.at\/wp-content\/uploads\/2023\/10\/DAG_8584-300x193.jpg\" class=\"attachment-medium size-medium wp-image-1002\" alt=\"\" srcset=\"http:\/\/www.deroesterreichischefriseur.at\/wp-content\/uploads\/2023\/10\/DAG_8584-300x193.jpg 300w, http:\/\/www.deroesterreichischefriseur.at\/wp-content\/uploads\/2023\/10\/DAG_8584-1024x658.jpg 1024w, http:\/\/www.deroesterreichischefriseur.at\/wp-content\/uploads\/2023\/10\/DAG_8584-768x494.jpg 768w, http:\/\/www.deroesterreichischefriseur.at\/wp-content\/uploads\/2023\/10\/DAG_8584-1536x987.jpg 1536w, http:\/\/www.deroesterreichischefriseur.at\/wp-content\/uploads\/2023\/10\/DAG_8584.jpg 1772w\" sizes=\"(max-width: 300px) 100vw, 300px\" \/><\/div><\/a>\n\t\t\t\t<div class=\"elementor-post__badge\">Thema<\/div>\n\t\t\t\t<div class=\"elementor-post__avatar\">\n\t\t\t<img alt='gregor' src='https:\/\/secure.gravatar.com\/avatar\/239015d857828ad8713e3f7728fae6e4dc135518e9033dc82ee875558b57f417?s=128&#038;d=mm&#038;r=g' srcset='https:\/\/secure.gravatar.com\/avatar\/239015d857828ad8713e3f7728fae6e4dc135518e9033dc82ee875558b57f417?s=256&#038;d=mm&#038;r=g 2x' class='avatar avatar-128 photo' height='128' width='128' \/>\t\t<\/div>\n\t\t\t\t<div class=\"elementor-post__text\">\n\t\t\t\t<h3 class=\"elementor-post__title\">\n\t\t\t<a href=\"http:\/\/www.deroesterreichischefriseur.at\/?p=995\" >\n\t\t\t\tPeter Schaider und Peter Schaider junior im Gespr\u00e4ch mit dem \u00d6sterreichischen Friseur\t\t\t<\/a>\n\t\t<\/h3>\n\t\t\t\t<div class=\"elementor-post__excerpt\">\n\t\t\t<p>Der \u00d6sterreichische Friseur f\u00fchrte im Oktober 2023 mit Peter Schaider und Peter Schaider junior ein Gespr\u00e4ch \u00fcber die Herausforderungen und Entwicklungen in der Friseurbranche, ihren Erfahrungen in der Lehrlingsausbildung und ihre Pl\u00e4ne f\u00fcr die Zukunft von Intercoiffeur Strassl-Schaider. DOEF: Welche<\/p>\n\t\t<\/div>\n\t\t\n\t\t<a class=\"elementor-post__read-more\" href=\"http:\/\/www.deroesterreichischefriseur.at\/?p=995\" aria-label=\"Read more about Peter Schaider und Peter Schaider junior im Gespr\u00e4ch mit dem \u00d6sterreichischen Friseur\" tabindex=\"-1\" >\n\t\t\tRead More \u00bb\t\t<\/a>\n\n\t\t\t\t<\/div>\n\t\t\t\t<div class=\"elementor-post__meta-data\">\n\t\t\t\t\t<span class=\"elementor-post-date\">\n\t\t\t18. Oktober 2023\t\t<\/span>\n\t\t\t\t<\/div>\n\t\t\t\t\t<\/div>\n\t\t<\/article>\n\t\t\t\t<article class=\"elementor-post elementor-grid-item post-623 post type-post status-publish format-standard has-post-thumbnail hentry category-thema\" role=\"listitem\">\n\t\t\t<div class=\"elementor-post__card\">\n\t\t\t\t<a class=\"elementor-post__thumbnail__link\" href=\"http:\/\/www.deroesterreichischefriseur.at\/?p=623\" tabindex=\"-1\" ><div class=\"elementor-post__thumbnail\"><img fetchpriority=\"high\" decoding=\"async\" width=\"200\" height=\"300\" src=\"http:\/\/www.deroesterreichischefriseur.at\/wp-content\/uploads\/2023\/05\/Markus_Eisinger_web-200x300.jpg\" class=\"attachment-medium size-medium wp-image-624\" alt=\"\" srcset=\"http:\/\/www.deroesterreichischefriseur.at\/wp-content\/uploads\/2023\/05\/Markus_Eisinger_web-200x300.jpg 200w, http:\/\/www.deroesterreichischefriseur.at\/wp-content\/uploads\/2023\/05\/Markus_Eisinger_web.jpg 640w\" sizes=\"(max-width: 200px) 100vw, 200px\" \/><\/div><\/a>\n\t\t\t\t<div class=\"elementor-post__badge\">Thema<\/div>\n\t\t\t\t<div class=\"elementor-post__avatar\">\n\t\t\t<img alt='gregor' src='https:\/\/secure.gravatar.com\/avatar\/239015d857828ad8713e3f7728fae6e4dc135518e9033dc82ee875558b57f417?s=128&#038;d=mm&#038;r=g' srcset='https:\/\/secure.gravatar.com\/avatar\/239015d857828ad8713e3f7728fae6e4dc135518e9033dc82ee875558b57f417?s=256&#038;d=mm&#038;r=g 2x' class='avatar avatar-128 photo' height='128' width='128' \/>\t\t<\/div>\n\t\t\t\t<div class=\"elementor-post__text\">\n\t\t\t\t<h3 class=\"elementor-post__title\">\n\t\t\t<a href=\"http:\/\/www.deroesterreichischefriseur.at\/?p=623\" >\n\t\t\t\tLandesinnungsmeister Marcus Eisinger informiert\t\t\t<\/a>\n\t\t<\/h3>\n\t\t\t\t<div class=\"elementor-post__excerpt\">\n\t\t\t<p>Heute m\u00f6chte ich mal ein wenig zur Selbstreflektion ermutigen, Eine der bem\u00fchteren Phrasen in der&nbsp;aktuellen Situation der Branchenarbeit: T E A M-ARBEIT&nbsp; TOLL EIN ANDERER MACHT\u00b4S So k\u00f6nnte aktuell die Bereitschaft mancher Ausbilderinnen und Ausbilder in unserer Branche zum Heranziehen<\/p>\n\t\t<\/div>\n\t\t\n\t\t<a class=\"elementor-post__read-more\" href=\"http:\/\/www.deroesterreichischefriseur.at\/?p=623\" aria-label=\"Read more about Landesinnungsmeister Marcus Eisinger informiert\" tabindex=\"-1\" >\n\t\t\tRead More \u00bb\t\t<\/a>\n\n\t\t\t\t<\/div>\n\t\t\t\t<div class=\"elementor-post__meta-data\">\n\t\t\t\t\t<span class=\"elementor-post-date\">\n\t\t\t8. Mai 2023\t\t<\/span>\n\t\t\t\t<\/div>\n\t\t\t\t\t<\/div>\n\t\t<\/article>\n\t\t\t\t<\/div>\n\t\t\n\t\t\t\t\t\t<\/div>\n\t\t\t\t<\/div>\n\t\t\t\t\t<\/div>\n\t\t\t\t<\/div>\n\t\t\t\t<\/div>\n\t\t","protected":false},"excerpt":{"rendered":"","protected":false},"author":2,"featured_media":0,"parent":29,"menu_order":0,"comment_status":"closed","ping_status":"closed","template":"elementor_theme","meta":{"footnotes":""},"class_list":["post-38","page","type-page","status-publish","hentry"],"_links":{"self":[{"href":"http:\/\/www.deroesterreichischefriseur.at\/index.php?rest_route=\/wp\/v2\/pages\/38","targetHints":{"allow":["GET"]}}],"collection":[{"href":"http:\/\/www.deroesterreichischefriseur.at\/index.php?rest_route=\/wp\/v2\/pages"}],"about":[{"href":"http:\/\/www.deroesterreichischefriseur.at\/index.php?rest_route=\/wp\/v2\/types\/page"}],"author":[{"embeddable":true,"href":"http:\/\/www.deroesterreichischefriseur.at\/index.php?rest_route=\/wp\/v2\/users\/2"}],"replies":[{"embeddable":true,"href":"http:\/\/www.deroesterreichischefriseur.at\/index.php?rest_route=%2Fwp%2Fv2%2Fcomments&post=38"}],"version-history":[{"count":13,"href":"http:\/\/www.deroesterreichischefriseur.at\/index.php?rest_route=\/wp\/v2\/pages\/38\/revisions"}],"predecessor-version":[{"id":850,"href":"http:\/\/www.deroesterreichischefriseur.at\/index.php?rest_route=\/wp\/v2\/pages\/38\/revisions\/850"}],"up":[{"embeddable":true,"href":"http:\/\/www.deroesterreichischefriseur.at\/index.php?rest_route=\/wp\/v2\/pages\/29"}],"wp:attachment":[{"href":"http:\/\/www.deroesterreichischefriseur.at\/index.php?rest_route=%2Fwp%2Fv2%2Fmedia&parent=38"}],"curies":[{"name":"wp","href":"https:\/\/api.w.org\/{rel}","templated":true}]}}