{"id":36,"date":"2022-08-29T09:37:03","date_gmt":"2022-08-29T11:37:03","guid":{"rendered":"http:\/\/212.236.20.45\/?page_id=36"},"modified":"2023-10-16T18:53:05","modified_gmt":"2023-10-16T16:53:05","slug":"magazin","status":"publish","type":"page","link":"http:\/\/www.deroesterreichischefriseur.at\/?page_id=36","title":{"rendered":"Magazin"},"content":{"rendered":"\t\t<div data-elementor-type=\"wp-page\" data-elementor-id=\"36\" class=\"elementor elementor-36\" data-elementor-post-type=\"page\">\n\t\t\t\t<div class=\"elementor-element elementor-element-e98d87f e-flex e-con-boxed e-con e-parent\" data-id=\"e98d87f\" data-element_type=\"container\" data-e-type=\"container\">\n\t\t\t\t\t<div class=\"e-con-inner\">\n\t\t\t\t<div class=\"elementor-element elementor-element-c271404 elementor-grid-3 elementor-grid-tablet-2 elementor-grid-mobile-1 elementor-posts--thumbnail-top elementor-posts--show-avatar elementor-card-shadow-yes elementor-posts__hover-gradient elementor-widget elementor-widget-posts\" data-id=\"c271404\" data-element_type=\"widget\" data-e-type=\"widget\" data-settings=\"{&quot;cards_columns&quot;:&quot;3&quot;,&quot;cards_columns_tablet&quot;:&quot;2&quot;,&quot;cards_columns_mobile&quot;:&quot;1&quot;,&quot;cards_row_gap&quot;:{&quot;unit&quot;:&quot;px&quot;,&quot;size&quot;:35,&quot;sizes&quot;:[]},&quot;cards_row_gap_tablet&quot;:{&quot;unit&quot;:&quot;px&quot;,&quot;size&quot;:&quot;&quot;,&quot;sizes&quot;:[]},&quot;cards_row_gap_mobile&quot;:{&quot;unit&quot;:&quot;px&quot;,&quot;size&quot;:&quot;&quot;,&quot;sizes&quot;:[]}}\" data-widget_type=\"posts.cards\">\n\t\t\t\t<div class=\"elementor-widget-container\">\n\t\t\t\t\t\t\t<div class=\"elementor-posts-container elementor-posts elementor-posts--skin-cards elementor-grid\" role=\"list\">\n\t\t\t\t<article class=\"elementor-post elementor-grid-item post-2445 post type-post status-publish format-standard has-post-thumbnail hentry category-magazin\" role=\"listitem\">\n\t\t\t<div class=\"elementor-post__card\">\n\t\t\t\t<a class=\"elementor-post__thumbnail__link\" href=\"http:\/\/www.deroesterreichischefriseur.at\/?p=2445\" tabindex=\"-1\" ><div class=\"elementor-post__thumbnail\"><img fetchpriority=\"high\" decoding=\"async\" width=\"300\" height=\"225\" src=\"http:\/\/www.deroesterreichischefriseur.at\/wp-content\/uploads\/2025\/10\/Paul-Mitchell_Paris-Hilton_06.jpeg\" class=\"attachment-medium size-medium wp-image-2448\" alt=\"\" \/><\/div><\/a>\n\t\t\t\t<div class=\"elementor-post__badge\">Magazin<\/div>\n\t\t\t\t<div class=\"elementor-post__avatar\">\n\t\t\t<img alt='gregor' src='https:\/\/secure.gravatar.com\/avatar\/239015d857828ad8713e3f7728fae6e4dc135518e9033dc82ee875558b57f417?s=128&#038;d=mm&#038;r=g' srcset='https:\/\/secure.gravatar.com\/avatar\/239015d857828ad8713e3f7728fae6e4dc135518e9033dc82ee875558b57f417?s=256&#038;d=mm&#038;r=g 2x' class='avatar avatar-128 photo' height='128' width='128' \/>\t\t<\/div>\n\t\t\t\t<div class=\"elementor-post__text\">\n\t\t\t\t<h3 class=\"elementor-post__title\">\n\t\t\t<a href=\"http:\/\/www.deroesterreichischefriseur.at\/?p=2445\" >\n\t\t\t\tParis &#038; Paul xoxo \u2013 Ikone trifft Ikone Paris Hilton ist Markenbotschafterin f\u00fcr Paul Mitchell\t\t\t<\/a>\n\t\t<\/h3>\n\t\t\t\t<div class=\"elementor-post__excerpt\">\n\t\t\t<p>Sie ist Unternehmerin, DJane, Familienmensch, Stil-Ikone und Aktivistin. Jetzt ist Paris Hilton auch das neue Gesicht von Paul Mitchell. Was die beiden verbindet? Leidenschaft fu\u0308r Sch\u00f6nheit, Authentizit\u00e4t und ein starkes Mindset. Mit der neuen Kampagne vereinen sich nicht nur zwei<\/p>\n\t\t<\/div>\n\t\t\n\t\t<a class=\"elementor-post__read-more\" href=\"http:\/\/www.deroesterreichischefriseur.at\/?p=2445\" aria-label=\"Read more about Paris &#038; Paul xoxo \u2013 Ikone trifft Ikone Paris Hilton ist Markenbotschafterin f\u00fcr Paul Mitchell\" tabindex=\"-1\" >\n\t\t\tRead More \u00bb\t\t<\/a>\n\n\t\t\t\t<\/div>\n\t\t\t\t<div class=\"elementor-post__meta-data\">\n\t\t\t\t\t<span class=\"elementor-post-date\">\n\t\t\t25. Oktober 2025\t\t<\/span>\n\t\t\t\t<\/div>\n\t\t\t\t\t<\/div>\n\t\t<\/article>\n\t\t\t\t<article class=\"elementor-post elementor-grid-item post-1587 post type-post status-publish format-standard has-post-thumbnail hentry category-magazin\" role=\"listitem\">\n\t\t\t<div class=\"elementor-post__card\">\n\t\t\t\t<a class=\"elementor-post__thumbnail__link\" href=\"http:\/\/www.deroesterreichischefriseur.at\/?p=1587\" tabindex=\"-1\" ><div class=\"elementor-post__thumbnail\"><img decoding=\"async\" width=\"300\" height=\"186\" src=\"http:\/\/www.deroesterreichischefriseur.at\/wp-content\/uploads\/2024\/04\/Jean-Christophe-LetellierBeitragsbild-300x186.jpg\" class=\"attachment-medium size-medium wp-image-1590\" alt=\"\" srcset=\"http:\/\/www.deroesterreichischefriseur.at\/wp-content\/uploads\/2024\/04\/Jean-Christophe-LetellierBeitragsbild-300x186.jpg 300w, http:\/\/www.deroesterreichischefriseur.at\/wp-content\/uploads\/2024\/04\/Jean-Christophe-LetellierBeitragsbild-768x476.jpg 768w, http:\/\/www.deroesterreichischefriseur.at\/wp-content\/uploads\/2024\/04\/Jean-Christophe-LetellierBeitragsbild.jpg 800w\" sizes=\"(max-width: 300px) 100vw, 300px\" \/><\/div><\/a>\n\t\t\t\t<div class=\"elementor-post__badge\">Magazin<\/div>\n\t\t\t\t<div class=\"elementor-post__avatar\">\n\t\t\t<img alt='gregor' src='https:\/\/secure.gravatar.com\/avatar\/239015d857828ad8713e3f7728fae6e4dc135518e9033dc82ee875558b57f417?s=128&#038;d=mm&#038;r=g' srcset='https:\/\/secure.gravatar.com\/avatar\/239015d857828ad8713e3f7728fae6e4dc135518e9033dc82ee875558b57f417?s=256&#038;d=mm&#038;r=g 2x' class='avatar avatar-128 photo' height='128' width='128' \/>\t\t<\/div>\n\t\t\t\t<div class=\"elementor-post__text\">\n\t\t\t\t<h3 class=\"elementor-post__title\">\n\t\t\t<a href=\"http:\/\/www.deroesterreichischefriseur.at\/?p=1587\" >\n\t\t\t\tWechsel des General Managers bei L&#8217;Or\u00e9al \u00d6sterreich, Deutschland und Schweiz\t\t\t<\/a>\n\t\t<\/h3>\n\t\t\t\t<div class=\"elementor-post__excerpt\">\n\t\t\t<p>Jean-Christophe Letellier wird am 1. Juli 2024 die Gesch\u00e4ftsf\u00fchrung von L&#8217;Or\u00e9al \u00d6sterreich, Deutschland und Schweiz (DACH) \u00fcbernehmen. Er folgt auf Kenneth Campbell. Zum 1. Juli 2024 wird es einen Wechsel in der Gesch\u00e4ftsf\u00fchrung von L&#8217;Or\u00e9al \u00d6sterreich, Deutschland und Schweiz geben:&nbsp;Jean-Christophe<\/p>\n\t\t<\/div>\n\t\t\n\t\t<a class=\"elementor-post__read-more\" href=\"http:\/\/www.deroesterreichischefriseur.at\/?p=1587\" aria-label=\"Read more about Wechsel des General Managers bei L&#8217;Or\u00e9al \u00d6sterreich, Deutschland und Schweiz\" tabindex=\"-1\" >\n\t\t\tRead More \u00bb\t\t<\/a>\n\n\t\t\t\t<\/div>\n\t\t\t\t<div class=\"elementor-post__meta-data\">\n\t\t\t\t\t<span class=\"elementor-post-date\">\n\t\t\t29. April 2024\t\t<\/span>\n\t\t\t\t<\/div>\n\t\t\t\t\t<\/div>\n\t\t<\/article>\n\t\t\t\t<article class=\"elementor-post elementor-grid-item post-1132 post type-post status-publish format-standard has-post-thumbnail hentry category-magazin category-uncategorized\" role=\"listitem\">\n\t\t\t<div class=\"elementor-post__card\">\n\t\t\t\t<a class=\"elementor-post__thumbnail__link\" href=\"http:\/\/www.deroesterreichischefriseur.at\/?p=1132\" tabindex=\"-1\" ><div class=\"elementor-post__thumbnail\"><img decoding=\"async\" width=\"300\" height=\"221\" src=\"http:\/\/www.deroesterreichischefriseur.at\/wp-content\/uploads\/2024\/01\/MitchellPaul_and_Angus_sw-300x221.jpg\" class=\"attachment-medium size-medium wp-image-1129\" alt=\"\" srcset=\"http:\/\/www.deroesterreichischefriseur.at\/wp-content\/uploads\/2024\/01\/MitchellPaul_and_Angus_sw-300x221.jpg 300w, http:\/\/www.deroesterreichischefriseur.at\/wp-content\/uploads\/2024\/01\/MitchellPaul_and_Angus_sw-1024x753.jpg 1024w, http:\/\/www.deroesterreichischefriseur.at\/wp-content\/uploads\/2024\/01\/MitchellPaul_and_Angus_sw-768x565.jpg 768w, http:\/\/www.deroesterreichischefriseur.at\/wp-content\/uploads\/2024\/01\/MitchellPaul_and_Angus_sw.jpg 1086w\" sizes=\"(max-width: 300px) 100vw, 300px\" \/><\/div><\/a>\n\t\t\t\t<div class=\"elementor-post__badge\">Magazin<\/div>\n\t\t\t\t<div class=\"elementor-post__avatar\">\n\t\t\t<img alt='gregor' src='https:\/\/secure.gravatar.com\/avatar\/239015d857828ad8713e3f7728fae6e4dc135518e9033dc82ee875558b57f417?s=128&#038;d=mm&#038;r=g' srcset='https:\/\/secure.gravatar.com\/avatar\/239015d857828ad8713e3f7728fae6e4dc135518e9033dc82ee875558b57f417?s=256&#038;d=mm&#038;r=g 2x' class='avatar avatar-128 photo' height='128' width='128' \/>\t\t<\/div>\n\t\t\t\t<div class=\"elementor-post__text\">\n\t\t\t\t<h3 class=\"elementor-post__title\">\n\t\t\t<a href=\"http:\/\/www.deroesterreichischefriseur.at\/?p=1132\" >\n\t\t\t\tTrauer um Angus Mitchell\t\t\t<\/a>\n\t\t<\/h3>\n\t\t\t\t<div class=\"elementor-post__excerpt\">\n\t\t\t<p>In Gedenken an Angus Mitchell \u2013 Ein Vision\u00e4r, der Sch\u00f6nheit, der uns viel zu fr\u00fch verlassen hatIn stiller Trauer gedenken wir Angus Mitchell, einem wahren Meister seines Fachs und einem leuchtenden Stern in der Welt der Sch\u00f6nheit und des Stils.<\/p>\n\t\t<\/div>\n\t\t\n\t\t<a class=\"elementor-post__read-more\" href=\"http:\/\/www.deroesterreichischefriseur.at\/?p=1132\" aria-label=\"Read more about Trauer um Angus Mitchell\" tabindex=\"-1\" >\n\t\t\tRead More \u00bb\t\t<\/a>\n\n\t\t\t\t<\/div>\n\t\t\t\t<div class=\"elementor-post__meta-data\">\n\t\t\t\t\t<span class=\"elementor-post-date\">\n\t\t\t10. J\u00e4nner 2024\t\t<\/span>\n\t\t\t\t<\/div>\n\t\t\t\t\t<\/div>\n\t\t<\/article>\n\t\t\t\t<article class=\"elementor-post elementor-grid-item post-1047 post type-post status-publish format-standard has-post-thumbnail hentry category-magazin category-uncategorized\" role=\"listitem\">\n\t\t\t<div class=\"elementor-post__card\">\n\t\t\t\t<a class=\"elementor-post__thumbnail__link\" href=\"http:\/\/www.deroesterreichischefriseur.at\/?p=1047\" tabindex=\"-1\" ><div class=\"elementor-post__thumbnail\"><img loading=\"lazy\" decoding=\"async\" width=\"192\" height=\"300\" src=\"http:\/\/www.deroesterreichischefriseur.at\/wp-content\/uploads\/2023\/12\/image009-192x300.jpg\" class=\"attachment-medium size-medium wp-image-1048\" alt=\"\" srcset=\"http:\/\/www.deroesterreichischefriseur.at\/wp-content\/uploads\/2023\/12\/image009-192x300.jpg 192w, http:\/\/www.deroesterreichischefriseur.at\/wp-content\/uploads\/2023\/12\/image009.jpg 197w\" sizes=\"(max-width: 192px) 100vw, 192px\" \/><\/div><\/a>\n\t\t\t\t<div class=\"elementor-post__badge\">Magazin<\/div>\n\t\t\t\t<div class=\"elementor-post__avatar\">\n\t\t\t<img alt='gregor' src='https:\/\/secure.gravatar.com\/avatar\/239015d857828ad8713e3f7728fae6e4dc135518e9033dc82ee875558b57f417?s=128&#038;d=mm&#038;r=g' srcset='https:\/\/secure.gravatar.com\/avatar\/239015d857828ad8713e3f7728fae6e4dc135518e9033dc82ee875558b57f417?s=256&#038;d=mm&#038;r=g 2x' class='avatar avatar-128 photo' height='128' width='128' \/>\t\t<\/div>\n\t\t\t\t<div class=\"elementor-post__text\">\n\t\t\t\t<h3 class=\"elementor-post__title\">\n\t\t\t<a href=\"http:\/\/www.deroesterreichischefriseur.at\/?p=1047\" >\n\t\t\t\tTrauer um Klaus Peter Ochs\t\t\t<\/a>\n\t\t<\/h3>\n\t\t\t\t<div class=\"elementor-post__excerpt\">\n\t\t\t<p>Mit dem traurigen Verlust von Klaus Peter Ochs am 18. Dezember 2023 verabschiedet sich die Welt von einem herausragenden Pers\u00f6nlichkeit der Friseurbranche. Im Alter von 75 Jahren ist der ehemalige Weltpr\u00e4sident der Intercoiffure Mondial von uns gegangen, und hinterl\u00e4sst eine<\/p>\n\t\t<\/div>\n\t\t\n\t\t<a class=\"elementor-post__read-more\" href=\"http:\/\/www.deroesterreichischefriseur.at\/?p=1047\" aria-label=\"Read more about Trauer um Klaus Peter Ochs\" tabindex=\"-1\" >\n\t\t\tRead More \u00bb\t\t<\/a>\n\n\t\t\t\t<\/div>\n\t\t\t\t<div class=\"elementor-post__meta-data\">\n\t\t\t\t\t<span class=\"elementor-post-date\">\n\t\t\t27. Dezember 2023\t\t<\/span>\n\t\t\t\t<\/div>\n\t\t\t\t\t<\/div>\n\t\t<\/article>\n\t\t\t\t<article class=\"elementor-post elementor-grid-item post-815 post type-post status-publish format-standard has-post-thumbnail hentry category-magazin category-uncategorized\" role=\"listitem\">\n\t\t\t<div class=\"elementor-post__card\">\n\t\t\t\t<a class=\"elementor-post__thumbnail__link\" href=\"http:\/\/www.deroesterreichischefriseur.at\/?p=815\" tabindex=\"-1\" ><div class=\"elementor-post__thumbnail\"><img loading=\"lazy\" decoding=\"async\" width=\"300\" height=\"200\" src=\"http:\/\/www.deroesterreichischefriseur.at\/wp-content\/uploads\/2023\/10\/115A2120-300x200.jpg\" class=\"attachment-medium size-medium wp-image-820\" alt=\"\" srcset=\"http:\/\/www.deroesterreichischefriseur.at\/wp-content\/uploads\/2023\/10\/115A2120-300x200.jpg 300w, http:\/\/www.deroesterreichischefriseur.at\/wp-content\/uploads\/2023\/10\/115A2120-1024x683.jpg 1024w, http:\/\/www.deroesterreichischefriseur.at\/wp-content\/uploads\/2023\/10\/115A2120-768x512.jpg 768w, http:\/\/www.deroesterreichischefriseur.at\/wp-content\/uploads\/2023\/10\/115A2120-150x100.jpg 150w, http:\/\/www.deroesterreichischefriseur.at\/wp-content\/uploads\/2023\/10\/115A2120.jpg 1280w\" sizes=\"(max-width: 300px) 100vw, 300px\" \/><\/div><\/a>\n\t\t\t\t<div class=\"elementor-post__badge\">Magazin<\/div>\n\t\t\t\t<div class=\"elementor-post__avatar\">\n\t\t\t<img alt='gregor' src='https:\/\/secure.gravatar.com\/avatar\/239015d857828ad8713e3f7728fae6e4dc135518e9033dc82ee875558b57f417?s=128&#038;d=mm&#038;r=g' srcset='https:\/\/secure.gravatar.com\/avatar\/239015d857828ad8713e3f7728fae6e4dc135518e9033dc82ee875558b57f417?s=256&#038;d=mm&#038;r=g 2x' class='avatar avatar-128 photo' height='128' width='128' \/>\t\t<\/div>\n\t\t\t\t<div class=\"elementor-post__text\">\n\t\t\t\t<h3 class=\"elementor-post__title\">\n\t\t\t<a href=\"http:\/\/www.deroesterreichischefriseur.at\/?p=815\" >\n\t\t\t\tPersonalisierte Haarpflege goes international: Yours Truly\u00ae\u00a0startet in Slowenien\t\t\t<\/a>\n\t\t<\/h3>\n\t\t\t\t<div class=\"elementor-post__excerpt\">\n\t\t\t<p>Das Crystal Palace in Ljubljana ist nicht irgendein Ort. Das h\u00f6chste Geb\u00e4ude Sloweniens ragt \u00fcber die ganze Stadt hinaus. Vor wenigen Tagen war es au\u00dferdem Gastgeber f\u00fcr eine ganz besondere Markteinf\u00fchrung. 30 ausgew\u00e4hlte Friseursalons aus dem ganzen Land kamen in<\/p>\n\t\t<\/div>\n\t\t\n\t\t<a class=\"elementor-post__read-more\" href=\"http:\/\/www.deroesterreichischefriseur.at\/?p=815\" aria-label=\"Read more about Personalisierte Haarpflege goes international: Yours Truly\u00ae\u00a0startet in Slowenien\" tabindex=\"-1\" >\n\t\t\tRead More \u00bb\t\t<\/a>\n\n\t\t\t\t<\/div>\n\t\t\t\t<div class=\"elementor-post__meta-data\">\n\t\t\t\t\t<span class=\"elementor-post-date\">\n\t\t\t16. Oktober 2023\t\t<\/span>\n\t\t\t\t<\/div>\n\t\t\t\t\t<\/div>\n\t\t<\/article>\n\t\t\t\t<article class=\"elementor-post elementor-grid-item post-802 post type-post status-publish format-standard has-post-thumbnail hentry category-magazin category-uncategorized\" role=\"listitem\">\n\t\t\t<div class=\"elementor-post__card\">\n\t\t\t\t<a class=\"elementor-post__thumbnail__link\" href=\"http:\/\/www.deroesterreichischefriseur.at\/?p=802\" tabindex=\"-1\" ><div class=\"elementor-post__thumbnail\"><img loading=\"lazy\" decoding=\"async\" width=\"200\" height=\"300\" src=\"http:\/\/www.deroesterreichischefriseur.at\/wp-content\/uploads\/2023\/10\/Hairclub_Portrait_001-200x300.jpg\" class=\"attachment-medium size-medium wp-image-812\" alt=\"\" srcset=\"http:\/\/www.deroesterreichischefriseur.at\/wp-content\/uploads\/2023\/10\/Hairclub_Portrait_001-200x300.jpg 200w, http:\/\/www.deroesterreichischefriseur.at\/wp-content\/uploads\/2023\/10\/Hairclub_Portrait_001-683x1024.jpg 683w, http:\/\/www.deroesterreichischefriseur.at\/wp-content\/uploads\/2023\/10\/Hairclub_Portrait_001-768x1152.jpg 768w, http:\/\/www.deroesterreichischefriseur.at\/wp-content\/uploads\/2023\/10\/Hairclub_Portrait_001-1024x1536.jpg 1024w, http:\/\/www.deroesterreichischefriseur.at\/wp-content\/uploads\/2023\/10\/Hairclub_Portrait_001-1365x2048.jpg 1365w, http:\/\/www.deroesterreichischefriseur.at\/wp-content\/uploads\/2023\/10\/Hairclub_Portrait_001-scaled.jpg 1707w\" sizes=\"(max-width: 200px) 100vw, 200px\" \/><\/div><\/a>\n\t\t\t\t<div class=\"elementor-post__badge\">Magazin<\/div>\n\t\t\t\t<div class=\"elementor-post__avatar\">\n\t\t\t<img alt='gregor' src='https:\/\/secure.gravatar.com\/avatar\/239015d857828ad8713e3f7728fae6e4dc135518e9033dc82ee875558b57f417?s=128&#038;d=mm&#038;r=g' srcset='https:\/\/secure.gravatar.com\/avatar\/239015d857828ad8713e3f7728fae6e4dc135518e9033dc82ee875558b57f417?s=256&#038;d=mm&#038;r=g 2x' class='avatar avatar-128 photo' height='128' width='128' \/>\t\t<\/div>\n\t\t\t\t<div class=\"elementor-post__text\">\n\t\t\t\t<h3 class=\"elementor-post__title\">\n\t\t\t<a href=\"http:\/\/www.deroesterreichischefriseur.at\/?p=802\" >\n\t\t\t\tHair Club, your own Style:Ein Salon, inspiriert durch Paul Mitchell\u00ae\t\t\t<\/a>\n\t\t<\/h3>\n\t\t\t\t<div class=\"elementor-post__excerpt\">\n\t\t\t<p>\u201eWir wollten ein besonderes Design,\u00a0das uns und die Marke Paul Mitchell\u00ae\u00a0verk\u00f6rpert\u201c,\u00a0sagt Matthias D\u00fcbbelde \u00fcber die Renovierung seines Salons\u00a0Hair Club, your own Style. Mit seinem besten Freund Mike Niemeyer er\u00f6ffnete Matthias 2011 den ersten eigenen Salon. Damals mit wenig Geld, aber<\/p>\n\t\t<\/div>\n\t\t\n\t\t<a class=\"elementor-post__read-more\" href=\"http:\/\/www.deroesterreichischefriseur.at\/?p=802\" aria-label=\"Read more about Hair Club, your own Style:Ein Salon, inspiriert durch Paul Mitchell\u00ae\" tabindex=\"-1\" >\n\t\t\tRead More \u00bb\t\t<\/a>\n\n\t\t\t\t<\/div>\n\t\t\t\t<div class=\"elementor-post__meta-data\">\n\t\t\t\t\t<span class=\"elementor-post-date\">\n\t\t\t16. Oktober 2023\t\t<\/span>\n\t\t\t\t<\/div>\n\t\t\t\t\t<\/div>\n\t\t<\/article>\n\t\t\t\t<\/div>\n\t\t\n\t\t\t\t\t\t<\/div>\n\t\t\t\t<\/div>\n\t\t\t\t\t<\/div>\n\t\t\t\t<\/div>\n\t\t\t\t<\/div>\n\t\t","protected":false},"excerpt":{"rendered":"","protected":false},"author":2,"featured_media":0,"parent":29,"menu_order":0,"comment_status":"closed","ping_status":"closed","template":"","meta":{"footnotes":""},"class_list":["post-36","page","type-page","status-publish","hentry"],"_links":{"self":[{"href":"http:\/\/www.deroesterreichischefriseur.at\/index.php?rest_route=\/wp\/v2\/pages\/36","targetHints":{"allow":["GET"]}}],"collection":[{"href":"http:\/\/www.deroesterreichischefriseur.at\/index.php?rest_route=\/wp\/v2\/pages"}],"about":[{"href":"http:\/\/www.deroesterreichischefriseur.at\/index.php?rest_route=\/wp\/v2\/types\/page"}],"author":[{"embeddable":true,"href":"http:\/\/www.deroesterreichischefriseur.at\/index.php?rest_route=\/wp\/v2\/users\/2"}],"replies":[{"embeddable":true,"href":"http:\/\/www.deroesterreichischefriseur.at\/index.php?rest_route=%2Fwp%2Fv2%2Fcomments&post=36"}],"version-history":[{"count":16,"href":"http:\/\/www.deroesterreichischefriseur.at\/index.php?rest_route=\/wp\/v2\/pages\/36\/revisions"}],"predecessor-version":[{"id":839,"href":"http:\/\/www.deroesterreichischefriseur.at\/index.php?rest_route=\/wp\/v2\/pages\/36\/revisions\/839"}],"up":[{"embeddable":true,"href":"http:\/\/www.deroesterreichischefriseur.at\/index.php?rest_route=\/wp\/v2\/pages\/29"}],"wp:attachment":[{"href":"http:\/\/www.deroesterreichischefriseur.at\/index.php?rest_route=%2Fwp%2Fv2%2Fmedia&parent=36"}],"curies":[{"name":"wp","href":"https:\/\/api.w.org\/{rel}","templated":true}]}}