{"id":21,"date":"2022-08-29T09:22:56","date_gmt":"2022-08-29T11:22:56","guid":{"rendered":"http:\/\/212.236.20.45\/?page_id=21"},"modified":"2025-03-08T12:49:46","modified_gmt":"2025-03-08T11:49:46","slug":"abo-agbs","status":"publish","type":"page","link":"http:\/\/www.deroesterreichischefriseur.at\/?page_id=21","title":{"rendered":"ABO AGBs"},"content":{"rendered":"\t\t<div data-elementor-type=\"wp-page\" data-elementor-id=\"21\" class=\"elementor elementor-21\" data-elementor-post-type=\"page\">\n\t\t\t\t\t\t<section class=\"elementor-section elementor-top-section elementor-element elementor-element-6f2f001 elementor-section-boxed elementor-section-height-default elementor-section-height-default\" data-id=\"6f2f001\" data-element_type=\"section\" data-e-type=\"section\">\n\t\t\t\t\t\t<div class=\"elementor-container elementor-column-gap-default\">\n\t\t\t\t\t<div class=\"elementor-column elementor-col-100 elementor-top-column elementor-element elementor-element-73a4aff\" data-id=\"73a4aff\" data-element_type=\"column\" data-e-type=\"column\">\n\t\t\t<div class=\"elementor-widget-wrap elementor-element-populated\">\n\t\t\t\t\t\t<div class=\"elementor-element elementor-element-3a5d36a elementor-widget elementor-widget-text-editor\" data-id=\"3a5d36a\" data-element_type=\"widget\" data-e-type=\"widget\" data-widget_type=\"text-editor.default\">\n\t\t\t\t<div class=\"elementor-widget-container\">\n\t\t\t\t\t\t\t\t\t<div id=\"contentTitle\" style=\"font-size: 16px; letter-spacing: normal; box-sizing: inherit; caret-color: #333333; color: #333333; font-family: 'Libre Franklin', 'Helvetica Neue', helvetica, arial, sans-serif;\">AGBs<\/div><div id=\"contentTextTop\" style=\"font-size: 16px; letter-spacing: normal; box-sizing: inherit; caret-color: #333333; color: #333333; font-family: 'Libre Franklin', 'Helvetica Neue', helvetica, arial, sans-serif;\">\u00a0<\/div><div id=\"contentText\" style=\"font-size: 16px; letter-spacing: normal; box-sizing: inherit; caret-color: #333333; color: #333333; font-family: 'Libre Franklin', 'Helvetica Neue', helvetica, arial, sans-serif;\"><p style=\"box-sizing: inherit;\"><strong style=\"box-sizing: inherit;\">Gesch\u00e4ftsbedingungen:<\/strong><\/p><ul style=\"margin-bottom: 1.5em; list-style-type: disc;\"><li style=\"box-sizing: inherit;\">Die Rechnung ist sofort ohne Abzug f\u00e4llig.<\/li><li style=\"box-sizing: inherit;\">Zahlungsverzug: Der Ersatz s\u00e4mtlicher Mahn- und Inkassospesen sowie mindestens 12 % Verzugszinsen gilt als vereinbart. Der Verlag kann bei Zahlungsverzug die weitere Ausf\u00fchrung des laufenden Auftrages bis zur Bezahlung zur\u00fcckstellen und f\u00fcr die restliche Abo-Lieferung Vorauszahlung verlangen.<\/li><li style=\"box-sizing: inherit;\">Erf\u00fcllungs- und Gerichtsstand ist\u00a0Wien.<\/li><li style=\"box-sizing: inherit;\">Bei fernm\u00fcndlich aufgegebenen Abo-Bestellungen bzw. fernm\u00fcndlich veranlassten \u00c4nderungen \u00fcbernimmt der Verlag keine Haftung f\u00fcr die Richtigkeit.<\/li><li style=\"box-sizing: inherit;\">Bei \u00c4nderung des Abo-Preises treten die neuen Bedingungen auch bei laufenden Auftr\u00e4gen mit Ende des Bezugsjahres, immer am 1.1. des kommenden Jahres, in\u00a0Kraft.<\/li><li style=\"box-sizing: inherit;\">Beanstandungen aller Art innerhalb von 30 Tagen nach Erhalt der Rechnung. Rechnungen sind zahlbar und klagbar in\u00a0Wien.<\/li><li style=\"box-sizing: inherit;\">K\u00fcndigung: Das Abonnement kann <b>quartalsweise<\/b> gek\u00fcndigt werden. Die K\u00fcndigung muss bis sp\u00e4testens zum Ende eines Quartals bei uns schriftlich eingehen und wird mit Ablauf des darauffolgenden Quartals wirksam. Die K\u00fcndigung bedarf der Schriftform und wird von uns schriftlich best\u00e4tigt. Telefonische K\u00fcndigungen werden vom Verlag nicht anerkannt. Es erfolgen keine R\u00fcckerstattungen des Abo-Preises bei vorzeitiger K\u00fcndigung.<\/li><li style=\"box-sizing: inherit;\">Bei Nichtk\u00fcndigung des laufenden Abonnements bis 30.11. des laufenden Jahres, verl\u00e4ngert sich das Abonnement automatisch um ein\u00a0Jahr.<\/li><li style=\"box-sizing: inherit;\">Der Abonnent erkennt die Gesch\u00e4ftsbedingungen ab den Zeitpunkt der Einzahlung des Erlagscheines sofort an<\/li><\/ul><\/div>\t\t\t\t\t\t\t\t<\/div>\n\t\t\t\t<\/div>\n\t\t\t\t\t<\/div>\n\t\t<\/div>\n\t\t\t\t\t<\/div>\n\t\t<\/section>\n\t\t\t\t<\/div>\n\t\t","protected":false},"excerpt":{"rendered":"<p>AGBs\u00a0 Gesch\u00e4ftsbedingungen: Die Rechnung ist sofort ohne Abzug f\u00e4llig. Zahlungsverzug: Der Ersatz s\u00e4mtlicher Mahn- und Inkassospesen sowie mindestens 12 % Verzugszinsen gilt als vereinbart. Der Verlag kann bei Zahlungsverzug die weitere Ausf\u00fchrung des laufenden Auftrages bis zur Bezahlung zur\u00fcckstellen und f\u00fcr die restliche Abo-Lieferung Vorauszahlung verlangen. Erf\u00fcllungs- und Gerichtsstand ist\u00a0Wien. Bei fernm\u00fcndlich aufgegebenen Abo-Bestellungen bzw. fernm\u00fcndlich veranlassten \u00c4nderungen \u00fcbernimmt der Verlag keine Haftung f\u00fcr die Richtigkeit. Bei \u00c4nderung des Abo-Preises&hellip;<\/p>\n","protected":false},"author":2,"featured_media":0,"parent":12,"menu_order":0,"comment_status":"closed","ping_status":"closed","template":"","meta":{"footnotes":""},"class_list":["post-21","page","type-page","status-publish","hentry"],"_links":{"self":[{"href":"http:\/\/www.deroesterreichischefriseur.at\/index.php?rest_route=\/wp\/v2\/pages\/21","targetHints":{"allow":["GET"]}}],"collection":[{"href":"http:\/\/www.deroesterreichischefriseur.at\/index.php?rest_route=\/wp\/v2\/pages"}],"about":[{"href":"http:\/\/www.deroesterreichischefriseur.at\/index.php?rest_route=\/wp\/v2\/types\/page"}],"author":[{"embeddable":true,"href":"http:\/\/www.deroesterreichischefriseur.at\/index.php?rest_route=\/wp\/v2\/users\/2"}],"replies":[{"embeddable":true,"href":"http:\/\/www.deroesterreichischefriseur.at\/index.php?rest_route=%2Fwp%2Fv2%2Fcomments&post=21"}],"version-history":[{"count":7,"href":"http:\/\/www.deroesterreichischefriseur.at\/index.php?rest_route=\/wp\/v2\/pages\/21\/revisions"}],"predecessor-version":[{"id":2321,"href":"http:\/\/www.deroesterreichischefriseur.at\/index.php?rest_route=\/wp\/v2\/pages\/21\/revisions\/2321"}],"up":[{"embeddable":true,"href":"http:\/\/www.deroesterreichischefriseur.at\/index.php?rest_route=\/wp\/v2\/pages\/12"}],"wp:attachment":[{"href":"http:\/\/www.deroesterreichischefriseur.at\/index.php?rest_route=%2Fwp%2Fv2%2Fmedia&parent=21"}],"curies":[{"name":"wp","href":"https:\/\/api.w.org\/{rel}","templated":true}]}}