{"id":1709,"date":"2024-05-01T12:43:34","date_gmt":"2024-05-01T10:43:34","guid":{"rendered":"http:\/\/www.deroesterreichischefriseur.at\/?page_id=1709"},"modified":"2024-05-01T12:44:57","modified_gmt":"2024-05-01T10:44:57","slug":"intercoiffure-suisse-copy","status":"publish","type":"page","link":"http:\/\/www.deroesterreichischefriseur.at\/?page_id=1709","title":{"rendered":"Ute Hutzen &#8211; Modern Bride"},"content":{"rendered":"\t\t<div data-elementor-type=\"wp-page\" data-elementor-id=\"1709\" class=\"elementor elementor-1709\" data-elementor-post-type=\"page\">\n\t\t\t\t<div class=\"elementor-element elementor-element-2598668 e-flex e-con-boxed e-con e-parent\" data-id=\"2598668\" data-element_type=\"container\" data-e-type=\"container\">\n\t\t\t\t\t<div class=\"e-con-inner\">\n\t\t\t\t<div class=\"elementor-element elementor-element-1b674fa elementor-widget elementor-widget-gallery\" data-id=\"1b674fa\" data-element_type=\"widget\" data-e-type=\"widget\" data-settings=\"{&quot;gallery_layout&quot;:&quot;masonry&quot;,&quot;columns&quot;:3,&quot;columns_tablet&quot;:2,&quot;columns_mobile&quot;:1,&quot;gap&quot;:{&quot;unit&quot;:&quot;px&quot;,&quot;size&quot;:10,&quot;sizes&quot;:[]},&quot;gap_tablet&quot;:{&quot;unit&quot;:&quot;px&quot;,&quot;size&quot;:10,&quot;sizes&quot;:[]},&quot;gap_mobile&quot;:{&quot;unit&quot;:&quot;px&quot;,&quot;size&quot;:10,&quot;sizes&quot;:[]},&quot;link_to&quot;:&quot;file&quot;,&quot;overlay_background&quot;:&quot;yes&quot;,&quot;content_hover_animation&quot;:&quot;fade-in&quot;}\" data-widget_type=\"gallery.default\">\n\t\t\t\t<div class=\"elementor-widget-container\">\n\t\t\t\t\t\t\t<div class=\"elementor-gallery__container\">\n\t\t\t\t\t\t\t<a class=\"e-gallery-item elementor-gallery-item elementor-animated-content\" href=\"http:\/\/www.deroesterreichischefriseur.at\/wp-content\/uploads\/2024\/05\/web_cPH_2023-2_002.jpg\" data-elementor-open-lightbox=\"yes\" data-elementor-lightbox-slideshow=\"1b674fa\" data-elementor-lightbox-title=\"web_(c)PH_2023-2_002\" data-e-action-hash=\"#elementor-action%3Aaction%3Dlightbox%26settings%3DeyJpZCI6MTYzMSwidXJsIjoiaHR0cDpcL1wvd3d3LmRlcm9lc3RlcnJlaWNoaXNjaGVmcmlzZXVyLmF0XC93cC1jb250ZW50XC91cGxvYWRzXC8yMDI0XC8wNVwvd2ViX2NQSF8yMDIzLTJfMDAyLmpwZyIsInNsaWRlc2hvdyI6IjFiNjc0ZmEifQ%3D%3D\">\n\t\t\t\t\t<div class=\"e-gallery-image elementor-gallery-item__image\" data-thumbnail=\"http:\/\/www.deroesterreichischefriseur.at\/wp-content\/uploads\/2024\/05\/web_cPH_2023-2_002-200x300.jpg\" data-width=\"200\" data-height=\"300\" aria-label=\"\" role=\"img\" ><\/div>\n\t\t\t\t\t\t\t\t\t\t\t<div class=\"elementor-gallery-item__overlay\"><\/div>\n\t\t\t\t\t\t\t\t\t\t\t\t\t\t<\/a>\n\t\t\t\t\t\t\t<a class=\"e-gallery-item elementor-gallery-item elementor-animated-content\" href=\"http:\/\/www.deroesterreichischefriseur.at\/wp-content\/uploads\/2024\/05\/web_cPH_2023-3_002.jpg\" data-elementor-open-lightbox=\"yes\" data-elementor-lightbox-slideshow=\"1b674fa\" data-elementor-lightbox-title=\"web_(c)PH_2023-3_002\" data-e-action-hash=\"#elementor-action%3Aaction%3Dlightbox%26settings%3DeyJpZCI6MTYzMiwidXJsIjoiaHR0cDpcL1wvd3d3LmRlcm9lc3RlcnJlaWNoaXNjaGVmcmlzZXVyLmF0XC93cC1jb250ZW50XC91cGxvYWRzXC8yMDI0XC8wNVwvd2ViX2NQSF8yMDIzLTNfMDAyLmpwZyIsInNsaWRlc2hvdyI6IjFiNjc0ZmEifQ%3D%3D\">\n\t\t\t\t\t<div class=\"e-gallery-image elementor-gallery-item__image\" data-thumbnail=\"http:\/\/www.deroesterreichischefriseur.at\/wp-content\/uploads\/2024\/05\/web_cPH_2023-3_002-215x300.jpg\" data-width=\"215\" data-height=\"300\" aria-label=\"\" role=\"img\" ><\/div>\n\t\t\t\t\t\t\t\t\t\t\t<div class=\"elementor-gallery-item__overlay\"><\/div>\n\t\t\t\t\t\t\t\t\t\t\t\t\t\t<\/a>\n\t\t\t\t\t\t\t<a class=\"e-gallery-item elementor-gallery-item elementor-animated-content\" href=\"http:\/\/www.deroesterreichischefriseur.at\/wp-content\/uploads\/2024\/05\/web_cPH_2023-0039_001.jpg\" data-elementor-open-lightbox=\"yes\" data-elementor-lightbox-slideshow=\"1b674fa\" data-elementor-lightbox-title=\"web_(c)PH_2023-0039_001\" data-e-action-hash=\"#elementor-action%3Aaction%3Dlightbox%26settings%3DeyJpZCI6MTYzMywidXJsIjoiaHR0cDpcL1wvd3d3LmRlcm9lc3RlcnJlaWNoaXNjaGVmcmlzZXVyLmF0XC93cC1jb250ZW50XC91cGxvYWRzXC8yMDI0XC8wNVwvd2ViX2NQSF8yMDIzLTAwMzlfMDAxLmpwZyIsInNsaWRlc2hvdyI6IjFiNjc0ZmEifQ%3D%3D\">\n\t\t\t\t\t<div class=\"e-gallery-image elementor-gallery-item__image\" data-thumbnail=\"http:\/\/www.deroesterreichischefriseur.at\/wp-content\/uploads\/2024\/05\/web_cPH_2023-0039_001-190x300.jpg\" data-width=\"190\" data-height=\"300\" aria-label=\"\" role=\"img\" ><\/div>\n\t\t\t\t\t\t\t\t\t\t\t<div class=\"elementor-gallery-item__overlay\"><\/div>\n\t\t\t\t\t\t\t\t\t\t\t\t\t\t<\/a>\n\t\t\t\t\t\t\t<a class=\"e-gallery-item elementor-gallery-item elementor-animated-content\" href=\"http:\/\/www.deroesterreichischefriseur.at\/wp-content\/uploads\/2024\/05\/web_cPH_2023-0053_001.jpg\" data-elementor-open-lightbox=\"yes\" data-elementor-lightbox-slideshow=\"1b674fa\" data-elementor-lightbox-title=\"web_(c)PH_2023-0053_001\" data-e-action-hash=\"#elementor-action%3Aaction%3Dlightbox%26settings%3DeyJpZCI6MTYzNCwidXJsIjoiaHR0cDpcL1wvd3d3LmRlcm9lc3RlcnJlaWNoaXNjaGVmcmlzZXVyLmF0XC93cC1jb250ZW50XC91cGxvYWRzXC8yMDI0XC8wNVwvd2ViX2NQSF8yMDIzLTAwNTNfMDAxLmpwZyIsInNsaWRlc2hvdyI6IjFiNjc0ZmEifQ%3D%3D\">\n\t\t\t\t\t<div class=\"e-gallery-image elementor-gallery-item__image\" data-thumbnail=\"http:\/\/www.deroesterreichischefriseur.at\/wp-content\/uploads\/2024\/05\/web_cPH_2023-0053_001-300x195.jpg\" data-width=\"300\" data-height=\"195\" aria-label=\"\" role=\"img\" ><\/div>\n\t\t\t\t\t\t\t\t\t\t\t<div class=\"elementor-gallery-item__overlay\"><\/div>\n\t\t\t\t\t\t\t\t\t\t\t\t\t\t<\/a>\n\t\t\t\t\t<\/div>\n\t\t\t\t\t<\/div>\n\t\t\t\t<\/div>\n\t\t\t\t\t<\/div>\n\t\t\t\t<\/div>\n\t\t<div class=\"elementor-element elementor-element-88040d6 e-flex e-con-boxed e-con e-parent\" data-id=\"88040d6\" data-element_type=\"container\" data-e-type=\"container\">\n\t\t\t\t\t<div class=\"e-con-inner\">\n\t\t\t\t<div class=\"elementor-element elementor-element-ea41905 elementor-widget elementor-widget-text-editor\" data-id=\"ea41905\" data-element_type=\"widget\" data-e-type=\"widget\" data-widget_type=\"text-editor.default\">\n\t\t\t\t<div class=\"elementor-widget-container\">\n\t\t\t\t\t\t\t\t\t<p>Credits: Modern Bride Haare &amp; Make up: Ute H\u00fctzen, Fotos: Petra H\u00fctzen, K\u00f6ln<\/p>\t\t\t\t\t\t\t\t<\/div>\n\t\t\t\t<\/div>\n\t\t\t\t\t<\/div>\n\t\t\t\t<\/div>\n\t\t\t\t<\/div>\n\t\t","protected":false},"excerpt":{"rendered":"<p>Credits: Modern Bride Haare &amp; Make up: Ute H\u00fctzen, Fotos: Petra H\u00fctzen, K\u00f6ln<\/p>\n","protected":false},"author":1,"featured_media":0,"parent":29,"menu_order":0,"comment_status":"closed","ping_status":"closed","template":"","meta":{"footnotes":""},"class_list":["post-1709","page","type-page","status-publish","hentry"],"_links":{"self":[{"href":"http:\/\/www.deroesterreichischefriseur.at\/index.php?rest_route=\/wp\/v2\/pages\/1709","targetHints":{"allow":["GET"]}}],"collection":[{"href":"http:\/\/www.deroesterreichischefriseur.at\/index.php?rest_route=\/wp\/v2\/pages"}],"about":[{"href":"http:\/\/www.deroesterreichischefriseur.at\/index.php?rest_route=\/wp\/v2\/types\/page"}],"author":[{"embeddable":true,"href":"http:\/\/www.deroesterreichischefriseur.at\/index.php?rest_route=\/wp\/v2\/users\/1"}],"replies":[{"embeddable":true,"href":"http:\/\/www.deroesterreichischefriseur.at\/index.php?rest_route=%2Fwp%2Fv2%2Fcomments&post=1709"}],"version-history":[{"count":4,"href":"http:\/\/www.deroesterreichischefriseur.at\/index.php?rest_route=\/wp\/v2\/pages\/1709\/revisions"}],"predecessor-version":[{"id":1715,"href":"http:\/\/www.deroesterreichischefriseur.at\/index.php?rest_route=\/wp\/v2\/pages\/1709\/revisions\/1715"}],"up":[{"embeddable":true,"href":"http:\/\/www.deroesterreichischefriseur.at\/index.php?rest_route=\/wp\/v2\/pages\/29"}],"wp:attachment":[{"href":"http:\/\/www.deroesterreichischefriseur.at\/index.php?rest_route=%2Fwp%2Fv2%2Fmedia&parent=1709"}],"curies":[{"name":"wp","href":"https:\/\/api.w.org\/{rel}","templated":true}]}}